{"id":7505,"date":"2021-10-18T15:00:56","date_gmt":"2021-10-18T18:00:56","guid":{"rendered":"https:\/\/centrosabia.org.br\/fairs\/"},"modified":"2023-03-02T18:03:23","modified_gmt":"2023-03-02T21:03:23","slug":"fairs","status":"publish","type":"page","link":"https:\/\/centrosabia.org.br\/en\/fairs\/","title":{"rendered":"Fairs"},"content":{"rendered":"\n<div id='mapa' style='width: 100%; height: 600px;'><\/div>\n  <script>\n    var mymap = L.map('mapa').setView([-8.45, -37.74], 8);\n  \tvar mbUrl = 'https:\/\/{s}.tile.openstreetmap.org\/{z}\/{x}\/{y}.png'\n  \tvar mbAttr = 'Map data &copy; <a href=\"https:\/\/www.openstreetmap.org\/\">OpenStreetMap<\/a> contributors'\n\n  \tL.tileLayer(mbUrl, {\t\n  \t\tmaxZoom: 18,\n  \t\tattribution: mbAttr,\n  \t}).addTo(mymap);\n\t\n\tmymap.scrollWheelZoom.disable();\n\n    myIcon = L.icon({\n      iconUrl: 'https:\/\/centrosabia.org.br\/wp-content\/uploads\/2021\/11\/icon-feira.png',\n      iconSize: [31, 35],\n    });\n\n    var markers = L.markerClusterGroup({\n       disableClusteringAtZoom: 10,\n       spiderfyOnMaxZoom: false,\n       iconCreateFunction: function (cluster) {\n        var childCount = cluster.getChildCount();\n        var c = ' marker-cluster-';\n        var size;\n     \t\tif (childCount < 3) {\n     \t\t\tc += 'small';\n           size = 50;\n     \t\t} else if (childCount < 5) {\n     \t\t\tc += 'medium';\n           size = 90;\n     \t\t} else {\n     \t\t\tc += 'large';\n           size = 130;\n     \t\t}\n     \t\treturn new L.DivIcon({ html: '<div><span>' + childCount + '<\/span><\/div>', className: 'marker-cluster' + c, iconSize: new L.Point(size, size) });\n     \t },\n     });\n  \n      markers.addLayer(L.marker([-8.202135609544875, -35.567057871095344], {icon: myIcon})\n        .bindPopup(\"<b>Espa\u00e7o Agroecol\u00f3gico de Gravat\u00e1<\/b><br \/>Endere\u00e7o: Pra\u00e7a Aar\u00e3o Lins de Andrade (em frente ao Banco do Brasil), Gravat\u00e1\/PE<br \/>Funcionamento: Todos os s\u00e1bado. Das 5h \u00e0s 10h\"));\n    \n      markers.addLayer(L.marker([-8.509411627482795, -35.37478004316769], {icon: myIcon})\n        .bindPopup(\"<b>Feira Agroecol\u00f3gica de Ribeir\u00e3o<\/b><br \/>Endere\u00e7o: Rua Osvaldo Cruz, (em frente \u00e0 loja da Magazine Luiza), Centro, Ribeir\u00e3o\/PE<br \/>Funcionamento: Toda sexta-feira, das 6h \u00e0s 12h.\"));\n    \n      markers.addLayer(L.marker([-7.837003909303919, -38.103838598386915], {icon: myIcon})\n        .bindPopup(\"<b>Feira da Agricultura Familiar de Triunfo<\/b><br \/>Endere\u00e7o: P\u00e1tio Maestro Madureira, Triunfo\/PE<br \/>Funcionamento: Todas as sextas feiras. Das 6h \u00e0s 11h\"));\n    \n      markers.addLayer(L.marker([-8.669982325468984, -35.72006197338078], {icon: myIcon})\n        .bindPopup(\"<b>Feira Agroecol\u00f3gica de Catende<\/b><br \/>Endere\u00e7o: Pra\u00e7a Costa de Azevedo, Centro (em frente \u00e0 Prefeitura), Catende\/PE<br \/>Funcionamento: Toda quinta-feira. Das 6h \u00e0s 12h.\"));\n    \n      markers.addLayer(L.marker([-8.049721185547655, -34.891262151914454], {icon: myIcon})\n        .bindPopup(\"<b>Agroecoloja Recife<\/b><br \/>Endere\u00e7o: R. Monte Castelo, 142 - Boa Vista, Recife - PE<br \/>Funcionamento: De segunda a sexta-feira. Das 8h \u00e0s 18h. Nos s\u00e1bados. Das 8h \u00e0s 12h.\"));\n    \n      markers.addLayer(L.marker([-1.498546434750678, -72.23413743179955], {icon: myIcon})\n        .bindPopup(\"<b>Feira Agroecol\u00f3gica de Bodoc\u00f3<\/b><br \/>Endere\u00e7o: Ao lado da Delegacia de Pol\u00edcia \u2013 Centro. Bodoc\u00f3\/PE.<br \/>Funcionamento: Toda segunda \u2013 feira das 7h \u00e0s 12h.\"));\n    \n      markers.addLayer(L.marker([-7.885723346282563, -40.08628685397197], {icon: myIcon})\n        .bindPopup(\"<b>Emp\u00f3rio Kaeteh<\/b><br \/>Endere\u00e7o: BR-122 - Vila Ipsep, Ouricuri\/PE<br \/>Funcionamento: De Segunda \u00e0 s\u00e1bado das 7h \u00e0s 12h\"));\n    \n      markers.addLayer(L.marker([-7.884098837848267, -40.080513046296176], {icon: myIcon})\n        .bindPopup(\"<b>Feira Agroecol\u00f3gica de Ouricuri<\/b><br \/>Endere\u00e7o: Pra\u00e7a Padre Francisco Pedro da Silva (Pra\u00e7a do BNB), em frente ao teatro Carlota Peixoto. Ouricuri\/PE. Todos os s\u00e1bados pela manh\u00e3.  Ao lado do Banco do Brasil, Ouricuri\/PE.<br \/>Funcionamento: Todas ter\u00e7as, quintas e s\u00e1bados. Das 6h30 \u00e0s 11h\"));\n    \n      markers.addLayer(L.marker([-7.602245903901702, -37.310413959791646], {icon: myIcon})\n        .bindPopup(\"<b>Feira Agroecol\u00f3gica de Tuparetama<\/b><br \/>Endere\u00e7o: Parque da Feira. Tuparetama\/PE.<br \/>Funcionamento: Todas as segundas. Das 6h \u00e0s 12h\"));\n    \n      markers.addLayer(L.marker([-7.5934250470869085, -37.53764304228629], {icon: myIcon})\n        .bindPopup(\"<b>Feira Agroecol\u00f3gica de Tabira<\/b><br \/>Endere\u00e7o: Em frente ao a\u00e7ougue p\u00fablico. Tabira\/PE.<br \/>Funcionamento: Todas as quartas. Das 6h \u00e0s 12h\"));\n    \n      markers.addLayer(L.marker([-7.991144732935907, -38.2992718732812], {icon: myIcon})\n        .bindPopup(\"<b>Feira Agroecol\u00f3gica de Serra Talhada<\/b><br \/>Endere\u00e7o: Pra\u00e7a S\u00e9rgio Magalh\u00e3es. Bairro Nossa Senhora da Penha. Serra Talhada\/PE<br \/>Funcionamento: Todos os S\u00e1bados. Das 6h \u00e0s 11h.\"));\n    \n      markers.addLayer(L.marker([-7.471468374729629, -37.27591895450649], {icon: myIcon})\n        .bindPopup(\"<b>Feira Agroecol\u00f3gica de S\u00e3o Jos\u00e9 do Egito<\/b><br \/>Endere\u00e7o: Parque da Feira. S\u00e3o Jos\u00e9 do Egito\/PE.<br \/>Funcionamento: Todos os S\u00e1bados, das 6h \u00e0s 12h\"));\n    \n      markers.addLayer(L.marker([-7.7498510851296425, -37.63664331746176], {icon: myIcon})\n        .bindPopup(\"<b>Feira Agroecol\u00f3gica de Afogados da Ingazeira<\/b><br \/>Endere\u00e7o: Rua Senador Paulo Guerra. Afogados da Ingazeira\/PE.<br \/>Funcionamento: Todos os S\u00e1bados. Das 6h \u00e0s 12h\"));\n    \n      markers.addLayer(L.marker([-8.75156317569594, -35.097339955541656], {icon: myIcon})\n        .bindPopup(\"<b>Feira Agroecol\u00f3gica de Tamandar\u00e9<\/b><br \/>Endere\u00e7o: Pra\u00e7a da B\u00edblia, Centro. Tamandar\u00e9\/PE.<br \/>Funcionamento: Toda sexta-feira das 6h30 \u00e0s 12h.\"));\n    \n      markers.addLayer(L.marker([-8.591396674332207, -35.11595301560478], {icon: myIcon})\n        .bindPopup(\"<b>Feira dos Produtores\/as Agroecol\u00f3gicos\/as de Sirinha\u00e9m (FEPAS)<\/b><br \/>Endere\u00e7o: Rua Sebasti\u00e3o Chaves, em frente a Prefeitura velha. Sirinha\u00e9m\/PE.<br \/>Funcionamento: Toda sexta-feira, das 6h \u00e0s 12h e aos s\u00e1bados, das 6h \u00e0s 12h.\"));\n    \n      markers.addLayer(L.marker([-8.660127217964025, -35.15103688861817], {icon: myIcon})\n        .bindPopup(\"<b>Feira da Agricultura Familiar de Rio Formoso<\/b><br \/>Endere\u00e7o: Rua S\u00e3o Jos\u00e9, em frente \u00e0 Igreja Matriz de S\u00e3o Jos\u00e9. Centro, Rio Formoso\/PE.<br \/>Funcionamento: Todas as quartas. Das 5h \u00e0s 12h\"));\n    \n      markers.addLayer(L.marker([-8.505624938677947, -35.003059531542256], {icon: myIcon})\n        .bindPopup(\"<b>Feira da Agricultura Familiar de Porto de Galinhas<\/b><br \/>Endere\u00e7o: Rua Beijupir\u00e1, em frente ao Banco do Brasil de Porto de Galinhas. Ipojuca\/PE.<br \/>Funcionamento: Toda sexta-feira das 12h \u00e0s 19h.\"));\n    \n      markers.addLayer(L.marker([-8.45572047652096, -35.94559174444163], {icon: myIcon})\n        .bindPopup(\"<b>Feira da Agricultura Familiar de Agrestina<\/b><br \/>Endere\u00e7o: Rua Marciano Lopes, em frente ao Sindicato dos Trabalhadores Rurais Agricultores e Agricultoras Familiares de Agrestina, por tr\u00e1s da Igreja Matriz \u2013 Agrestina\/PE.<br \/>Funcionamento: Todas as quintas-feiras. Das 6h \u00e0s 11h.\"));\n    \n      markers.addLayer(L.marker([-7.834457835105494, -35.76019354770496], {icon: myIcon})\n        .bindPopup(\"<b>Feira Agroecol\u00f3gica de Surubim<\/b><br \/>Endere\u00e7o: Pra\u00e7a Estef\u00e2nia, Centro \u2013 Surubim\/PE.<br \/>Funcionamento: Das 6h \u00e0s 10h.\"));\n    \n      markers.addLayer(L.marker([-7.900174494379841, -35.990279074759165], {icon: myIcon})\n        .bindPopup(\"<b>Feira Agroecol\u00f3gica de Vertentes<\/b><br \/>Endere\u00e7o: P\u00e1tio de Eventos Z\u00e9 Miguel, em frente \u00e0 Delegacia \u2013 Vertentes\/PE.<br \/>Funcionamento: Todas as quartas-feiras. Das 6h \u00e0s 11h.\"));\n    \n      markers.addLayer(L.marker([-7.744491635199172, -35.60335249028218], {icon: myIcon})\n        .bindPopup(\"<b>Feira Agroecol\u00f3gica de Orob\u00f3<\/b><br \/>Endere\u00e7o: Rua Professor Mariano de Aguiar, 43, em frente ao Sindicato dos\/as Trabalhadores\/as Rurais e da Escola Paulo Freire \u2013 Orob\u00f3\/PE<br \/>Funcionamento: Todas as quintas-feiras. Das 6h \u00e0s 11h.\"));\n    \n      markers.addLayer(L.marker([-7.797061552633022, -35.58966675479491], {icon: myIcon})\n        .bindPopup(\"<b>Feira Agroecol\u00f3gica de Bom Jardim<\/b><br \/>Endere\u00e7o: Rua Manoel Augusto, em frente a farm\u00e1cia Santa Luzia, pr\u00f3ximo ao Banco do Brasil. Bom Jardim\/ PE.<br \/>Funcionamento: Todos os s\u00e1bados. Das 5h \u00e0s 10h30.\"));\n    \n      markers.addLayer(L.marker([-8.017108368129433, -34.84906499630064], {icon: myIcon})\n        .bindPopup(\"<b>Feira Agroecol\u00f3gica do Carmo<\/b><br \/>Endere\u00e7o: Pra\u00e7a do Carmo, Olinda\/PE<br \/>Funcionamento: Todos os s\u00e1bados. Das 5h \u00e0s 10h.\"));\n    \n      markers.addLayer(L.marker([-8.04918706677109, -34.95126903491126], {icon: myIcon})\n        .bindPopup(\"<b>Feira de Economia Solid\u00e1ria e Agroecol\u00f3gica UFPE\/CCSA<\/b><br \/>Endere\u00e7o: Campus da Universidade Federal de Pernambuco, ao lado do pr\u00e9dio do Centro de Ci\u00eancias Sociais Aplic\u00e1veis - CCSA. Bairro da V\u00e1rzea, Recife\/PE.<br \/>Funcionamento: Todas as quartas. Das 5h \u00e0s 13h.\"));\n    \n      markers.addLayer(L.marker([-8.015873217451828, -34.943886113559884], {icon: myIcon})\n        .bindPopup(\"<b>Feira Agroecol\u00f3gica Chico Mendes<\/b><br \/>Endere\u00e7o: Pra\u00e7a Farias Neves, em frente ao LAFEPE. Bairro de Dois Irm\u00e3os, Recife\/PE.<br \/>Funcionamento: Todas as sextas. Das 6h \u00e0s 12h.\"));\n    \n      markers.addLayer(L.marker([-8.13656333171001, -34.90813904444438], {icon: myIcon})\n        .bindPopup(\"<b>Espa\u00e7o Agroecol\u00f3gico de Set\u00fabal<\/b><br \/>Endere\u00e7o: Av. Mal. Juarez T\u00e1vora, por tr\u00e1s da Escola Americana do Recife. Bairro de Set\u00fabal, Recife\/PE.<br \/>Funcionamento: Todos os s\u00e1bados. Das 6h30 \u00e0s 10h.\"));\n    \n      markers.addLayer(L.marker([-8.049762715571557, -34.88268417001213], {icon: myIcon})\n        .bindPopup(\"<b>Espa\u00e7o Agroecol\u00f3gico de Santo Amaro<\/b><br \/>Endere\u00e7o: Pra\u00e7a do Campo Santo, em frente ao SESC, no estacionamento da Delegacia da Mulher. Bairro de Santo Amaro, Recife\/PE.<br \/>Funcionamento: Todas as quartas. Das 6h \u00e0s 10h.\"));\n    \n      markers.addLayer(L.marker([-8.10138475706147, -34.88562360724465], {icon: myIcon})\n        .bindPopup(\"<b>Espa\u00e7o Agroecol\u00f3gico de Boa Viagem<\/b><br \/>Endere\u00e7o: Pra\u00e7a Industrial Miguel Santos, por tr\u00e1s do primeiro jardim. Bairro de Boa Viagem, Recife\/PE.<br \/>Funcionamento: Todos os s\u00e1bados. Das 5h \u00e0s 10h.\"));\n    \n      markers.addLayer(L.marker([-8.043336764208698, -34.90088924018653], {icon: myIcon})\n        .bindPopup(\"<b>Espa\u00e7o Agroecol\u00f3gico das Gra\u00e7as<\/b><br \/>Endere\u00e7o: Rua Souza Andrade, atr\u00e1s do Col\u00e9gio S\u00e3o Luiz, Bairro das Gra\u00e7as, Recife\/PE<br \/>Funcionamento: Todas as sextas e s\u00e1bados. Das 21h30 \u00e0s 10h.\"));\n    \n      markers.addLayer(L.marker([-8.048877978473254, -34.95940463677395], {icon: myIcon})\n        .bindPopup(\"<b>Espa\u00e7o Agroecol\u00f3gico da V\u00e1rzea<\/b><br \/>Endere\u00e7o: Pra\u00e7a da V\u00e1rzea. Bairro da V\u00e1rzea, Recife\/PE.<br \/>Funcionamento: Todos os s\u00e1bados. Das 7h \u00e0s 10h.\"));\n    \n      markers.addLayer(L.marker([-8.063693284606126, -34.876567459787566], {icon: myIcon})\n        .bindPopup(\"<b>Armaz\u00e9m do Campo Recife<\/b><br \/>Endere\u00e7o: Av. Martins de Barros, Santo Antonio \u2013 Recife\/PE.<br \/>Funcionamento: De segunda a sexta. Das 9h \u00e0s 17h. Nos s\u00e1bados. Das 7h \u00e0s 17h\"));\n    \n    mymap.addLayer(markers);\n  <\/script>\n    \n\n\n\n<h3 style='text-align: center; margin: 90px auto 40px;'>Regi\u00e3o Metropolitana do Recife<\/h3><div class='feiras_container'><div class='feira'><p class='nome'>Agroecoloja Recife<\/p> <p>R. Monte Castelo, 142 - Boa Vista, Recife - PE<\/p> <p>De segunda a sexta-feira. Das 8h \u00e0s 18h. Nos s\u00e1bados. Das 8h \u00e0s 12h.<\/p><\/div><div class='feira'><p class='nome'>Armaz\u00e9m do Campo Recife<\/p> <p>Av. Martins de Barros, Santo Antonio \u2013 Recife\/PE.<\/p> <p>De segunda a sexta. Das 9h \u00e0s 17h. Nos s\u00e1bados. Das 7h \u00e0s 17h<\/p><\/div><div class='feira'><p class='nome'>Espa\u00e7o Agroecol\u00f3gico da V\u00e1rzea<\/p> <p>Pra\u00e7a da V\u00e1rzea. Bairro da V\u00e1rzea, Recife\/PE.<\/p> <p>Todos os s\u00e1bados. Das 7h \u00e0s 10h.<\/p><\/div><div class='feira'><p class='nome'>Espa\u00e7o Agroecol\u00f3gico das Gra\u00e7as<\/p> <p>Rua Souza Andrade, atr\u00e1s do Col\u00e9gio S\u00e3o Luiz, Bairro das Gra\u00e7as, Recife\/PE<\/p> <p>Todas as sextas e s\u00e1bados. Das 21h30 \u00e0s 10h.<\/p><\/div><div class='feira'><p class='nome'>Espa\u00e7o Agroecol\u00f3gico de Boa Viagem<\/p> <p>Pra\u00e7a Industrial Miguel Santos, por tr\u00e1s do primeiro jardim. Bairro de Boa Viagem, Recife\/PE.<\/p> <p>Todos os s\u00e1bados. Das 5h \u00e0s 10h.<\/p><\/div><div class='feira'><p class='nome'>Espa\u00e7o Agroecol\u00f3gico de Santo Amaro<\/p> <p>Pra\u00e7a do Campo Santo, em frente ao SESC, no estacionamento da Delegacia da Mulher. Bairro de Santo Amaro, Recife\/PE.<\/p> <p>Todas as quartas. Das 6h \u00e0s 10h.<\/p><\/div><div class='feira'><p class='nome'>Espa\u00e7o Agroecol\u00f3gico de Set\u00fabal<\/p> <p>Av. Mal. Juarez T\u00e1vora, por tr\u00e1s da Escola Americana do Recife. Bairro de Set\u00fabal, Recife\/PE.<\/p> <p>Todos os s\u00e1bados. Das 6h30 \u00e0s 10h.<\/p><\/div><div class='feira'><p class='nome'>Feira Agroecol\u00f3gica Chico Mendes<\/p> <p>Pra\u00e7a Farias Neves, em frente ao LAFEPE. Bairro de Dois Irm\u00e3os, Recife\/PE.<\/p> <p>Todas as sextas. Das 6h \u00e0s 12h.<\/p><\/div><div class='feira'><p class='nome'>Feira da Agricultura Familiar de Porto de Galinhas<\/p> <p>Rua Beijupir\u00e1, em frente ao Banco do Brasil de Porto de Galinhas. Ipojuca\/PE.<\/p> <p>Toda sexta-feira das 12h \u00e0s 19h.<\/p><\/div><div class='feira'><p class='nome'>Feira de Economia Solid\u00e1ria e Agroecol\u00f3gica UFPE\/CCSA<\/p> <p>Campus da Universidade Federal de Pernambuco, ao lado do pr\u00e9dio do Centro de Ci\u00eancias Sociais Aplic\u00e1veis - CCSA. Bairro da V\u00e1rzea, Recife\/PE.<\/p> <p>Todas as quartas. Das 5h \u00e0s 13h.<\/p><\/div><div class='feira'><p class='nome'>Feira Agroecol\u00f3gica do Carmo<\/p> <p>Pra\u00e7a do Carmo, Olinda\/PE<\/p> <p>Todos os s\u00e1bados. Das 5h \u00e0s 10h.<\/p><\/div><\/div><h3 style='text-align: center; margin: 90px auto 40px;'>Zona da Mata Sul de Pernambuco<\/h3><div class='feiras_container'><div class='feira'><p class='nome'>Feira Agroecol\u00f3gica de Ribeir\u00e3o<\/p> <p>Rua Osvaldo Cruz, (em frente \u00e0 loja da Magazine Luiza), Centro, Ribeir\u00e3o\/PE<\/p> <p>Toda sexta-feira, das 6h \u00e0s 12h.<\/p><\/div><div class='feira'><p class='nome'>Feira Agroecol\u00f3gica de Catende<\/p> <p>Pra\u00e7a Costa de Azevedo, Centro (em frente \u00e0 Prefeitura), Catende\/PE<\/p> <p>Toda quinta-feira. Das 6h \u00e0s 12h.<\/p><\/div><div class='feira'><p class='nome'>Feira Agroecol\u00f3gica de Tamandar\u00e9<\/p> <p>Pra\u00e7a da B\u00edblia, Centro. Tamandar\u00e9\/PE.<\/p> <p>Toda sexta-feira das 6h30 \u00e0s 12h.<\/p><\/div><div class='feira'><p class='nome'>Feira da Agricultura Familiar de Rio Formoso<\/p> <p>Rua S\u00e3o Jos\u00e9, em frente \u00e0 Igreja Matriz de S\u00e3o Jos\u00e9. Centro, Rio Formoso\/PE.<\/p> <p>Todas as quartas. Das 5h \u00e0s 12h<\/p><\/div><div class='feira'><p class='nome'>Feira dos Produtores\/as Agroecol\u00f3gicos\/as de Sirinha\u00e9m (FEPAS)<\/p> <p>Rua Sebasti\u00e3o Chaves, em frente a Prefeitura velha. Sirinha\u00e9m\/PE.<\/p> <p>Toda sexta-feira, das 6h \u00e0s 12h e aos s\u00e1bados, das 6h \u00e0s 12h.<\/p><\/div><\/div><h3 style='text-align: center; margin: 90px auto 40px;'>Agreste<\/h3><div class='feiras_container'><div class='feira'><p class='nome'>Espa\u00e7o Agroecol\u00f3gico de Gravat\u00e1<\/p> <p>Pra\u00e7a Aar\u00e3o Lins de Andrade (em frente ao Banco do Brasil), Gravat\u00e1\/PE<\/p> <p>Todos os s\u00e1bado. Das 5h \u00e0s 10h<\/p><\/div><div class='feira'><p class='nome'>Feira Agroecol\u00f3gica de Bom Jardim<\/p> <p>Rua Manoel Augusto, em frente a farm\u00e1cia Santa Luzia, pr\u00f3ximo ao Banco do Brasil. Bom Jardim\/ PE.<\/p> <p>Todos os s\u00e1bados. Das 5h \u00e0s 10h30.<\/p><\/div><div class='feira'><p class='nome'>Feira Agroecol\u00f3gica de Orob\u00f3<\/p> <p>Rua Professor Mariano de Aguiar, 43, em frente ao Sindicato dos\/as Trabalhadores\/as Rurais e da Escola Paulo Freire \u2013 Orob\u00f3\/PE<\/p> <p>Todas as quintas-feiras. Das 6h \u00e0s 11h.<\/p><\/div><div class='feira'><p class='nome'>Feira Agroecol\u00f3gica de Vertentes<\/p> <p>P\u00e1tio de Eventos Z\u00e9 Miguel, em frente \u00e0 Delegacia \u2013 Vertentes\/PE.<\/p> <p>Todas as quartas-feiras. Das 6h \u00e0s 11h.<\/p><\/div><div class='feira'><p class='nome'>Feira Agroecol\u00f3gica de Surubim<\/p> <p>Pra\u00e7a Estef\u00e2nia, Centro \u2013 Surubim\/PE.<\/p> <p>Das 6h \u00e0s 10h.<\/p><\/div><div class='feira'><p class='nome'>Feira da Agricultura Familiar de Agrestina<\/p> <p>Rua Marciano Lopes, em frente ao Sindicato dos Trabalhadores Rurais Agricultores e Agricultoras Familiares de Agrestina, por tr\u00e1s da Igreja Matriz \u2013 Agrestina\/PE.<\/p> <p>Todas as quintas-feiras. Das 6h \u00e0s 11h.<\/p><\/div><\/div><h3 style='text-align: center; margin: 90px auto 40px;'>Sert\u00e3o do Araripe<\/h3><div class='feiras_container'><div class='feira'><p class='nome'>Feira Agroecol\u00f3gica de Ouricuri<\/p> <p>Pra\u00e7a Padre Francisco Pedro da Silva (Pra\u00e7a do BNB), em frente ao teatro Carlota Peixoto. Ouricuri\/PE. Todos os s\u00e1bados pela manh\u00e3.  Ao lado do Banco do Brasil, Ouricuri\/PE.<\/p> <p>Todas ter\u00e7as, quintas e s\u00e1bados. Das 6h30 \u00e0s 11h<\/p><\/div><div class='feira'><p class='nome'>Emp\u00f3rio Kaeteh<\/p> <p>BR-122 - Vila Ipsep, Ouricuri\/PE<\/p> <p>De Segunda \u00e0 s\u00e1bado das 7h \u00e0s 12h<\/p><\/div><div class='feira'><p class='nome'>Feira Agroecol\u00f3gica de Bodoc\u00f3<\/p> <p>Ao lado da Delegacia de Pol\u00edcia \u2013 Centro. Bodoc\u00f3\/PE.<\/p> <p>Toda segunda \u2013 feira das 7h \u00e0s 12h.<\/p><\/div><\/div><h3 style='text-align: center; margin: 90px auto 40px;'>Sert\u00e3o do Paje\u00fa<\/h3><div class='feiras_container'><div class='feira'><p class='nome'>Feira da Agricultura Familiar de Triunfo<\/p> <p>P\u00e1tio Maestro Madureira, Triunfo\/PE<\/p> <p>Todas as sextas feiras. Das 6h \u00e0s 11h<\/p><\/div><div class='feira'><p class='nome'>Feira Agroecol\u00f3gica de Afogados da Ingazeira<\/p> <p>Rua Senador Paulo Guerra. Afogados da Ingazeira\/PE.<\/p> <p>Todos os S\u00e1bados. Das 6h \u00e0s 12h<\/p><\/div><div class='feira'><p class='nome'>Feira Agroecol\u00f3gica de S\u00e3o Jos\u00e9 do Egito<\/p> <p>Parque da Feira. S\u00e3o Jos\u00e9 do Egito\/PE.<\/p> <p>Todos os S\u00e1bados, das 6h \u00e0s 12h<\/p><\/div><div class='feira'><p class='nome'>Feira Agroecol\u00f3gica de Serra Talhada<\/p> <p>Pra\u00e7a S\u00e9rgio Magalh\u00e3es. Bairro Nossa Senhora da Penha. Serra Talhada\/PE<\/p> <p>Todos os S\u00e1bados. Das 6h \u00e0s 11h.<\/p><\/div><div class='feira'><p class='nome'>Feira Agroecol\u00f3gica de Tabira<\/p> <p>Em frente ao a\u00e7ougue p\u00fablico. Tabira\/PE.<\/p> <p>Todas as quartas. Das 6h \u00e0s 12h<\/p><\/div><div class='feira'><p class='nome'>Feira Agroecol\u00f3gica de Tuparetama<\/p> <p>Parque da Feira. Tuparetama\/PE.<\/p> <p>Todas as segundas. Das 6h \u00e0s 12h<\/p><\/div><\/div>\n","protected":false},"excerpt":{"rendered":"","protected":false},"author":1,"featured_media":0,"parent":0,"menu_order":0,"comment_status":"closed","ping_status":"closed","template":"","meta":{"_acf_changed":false,"ano":0,"footnotes":""},"class_list":["post-7505","page","type-page","status-publish","hentry"],"blocksy_meta":{"styles_descriptor":{"styles":{"desktop":"","tablet":"","mobile":""},"google_fonts":[],"version":6}},"acf":[],"yoast_head":"<!-- This site is optimized with the Yoast SEO plugin v27.2 - https:\/\/yoast.com\/product\/yoast-seo-wordpress\/ -->\n<title>Fairs - Centro de Desenvolvimento Agroecol\u00f3gico Sabi\u00e1<\/title>\n<meta name=\"robots\" content=\"index, follow, max-snippet:-1, max-image-preview:large, max-video-preview:-1\" \/>\n<link rel=\"canonical\" href=\"https:\/\/centrosabia.org.br\/en\/fairs\/\" \/>\n<meta property=\"og:locale\" content=\"en_US\" \/>\n<meta property=\"og:type\" content=\"article\" \/>\n<meta property=\"og:title\" content=\"Fairs - Centro de Desenvolvimento Agroecol\u00f3gico Sabi\u00e1\" \/>\n<meta property=\"og:url\" content=\"https:\/\/centrosabia.org.br\/en\/fairs\/\" \/>\n<meta property=\"og:site_name\" content=\"Centro de Desenvolvimento Agroecol\u00f3gico Sabi\u00e1\" \/>\n<meta property=\"article:modified_time\" content=\"2023-03-02T21:03:23+00:00\" \/>\n<meta name=\"twitter:card\" content=\"summary_large_image\" \/>\n<script type=\"application\/ld+json\" class=\"yoast-schema-graph\">{\"@context\":\"https:\/\/schema.org\",\"@graph\":[{\"@type\":\"WebPage\",\"@id\":\"https:\/\/centrosabia.org.br\/en\/fairs\/\",\"url\":\"https:\/\/centrosabia.org.br\/en\/fairs\/\",\"name\":\"Fairs - Centro de Desenvolvimento Agroecol\u00f3gico Sabi\u00e1\",\"isPartOf\":{\"@id\":\"https:\/\/centrosabia.org.br\/en\/#website\"},\"datePublished\":\"2021-10-18T18:00:56+00:00\",\"dateModified\":\"2023-03-02T21:03:23+00:00\",\"breadcrumb\":{\"@id\":\"https:\/\/centrosabia.org.br\/en\/fairs\/#breadcrumb\"},\"inLanguage\":\"en-US\",\"potentialAction\":[{\"@type\":\"ReadAction\",\"target\":[\"https:\/\/centrosabia.org.br\/en\/fairs\/\"]}]},{\"@type\":\"BreadcrumbList\",\"@id\":\"https:\/\/centrosabia.org.br\/en\/fairs\/#breadcrumb\",\"itemListElement\":[{\"@type\":\"ListItem\",\"position\":1,\"name\":\"In\u00edcio\",\"item\":\"https:\/\/centrosabia.org.br\/en\/\"},{\"@type\":\"ListItem\",\"position\":2,\"name\":\"Fairs\"}]},{\"@type\":\"WebSite\",\"@id\":\"https:\/\/centrosabia.org.br\/en\/#website\",\"url\":\"https:\/\/centrosabia.org.br\/en\/\",\"name\":\"Centro de Desenvolvimento Agroecol\u00f3gico Sabi\u00e1\",\"description\":\"\",\"publisher\":{\"@id\":\"https:\/\/centrosabia.org.br\/en\/#organization\"},\"potentialAction\":[{\"@type\":\"SearchAction\",\"target\":{\"@type\":\"EntryPoint\",\"urlTemplate\":\"https:\/\/centrosabia.org.br\/en\/?s={search_term_string}\"},\"query-input\":{\"@type\":\"PropertyValueSpecification\",\"valueRequired\":true,\"valueName\":\"search_term_string\"}}],\"inLanguage\":\"en-US\"},{\"@type\":\"Organization\",\"@id\":\"https:\/\/centrosabia.org.br\/en\/#organization\",\"name\":\"Centro de Desenvolvimento Agroecol\u00f3gico Sabi\u00e1\",\"url\":\"https:\/\/centrosabia.org.br\/en\/\",\"logo\":{\"@type\":\"ImageObject\",\"inLanguage\":\"en-US\",\"@id\":\"https:\/\/centrosabia.org.br\/en\/#\/schema\/logo\/image\/\",\"url\":\"https:\/\/centrosabia.org.br\/wp-content\/uploads\/2021\/10\/logo.png\",\"contentUrl\":\"https:\/\/centrosabia.org.br\/wp-content\/uploads\/2021\/10\/logo.png\",\"width\":174,\"height\":84,\"caption\":\"Centro de Desenvolvimento Agroecol\u00f3gico Sabi\u00e1\"},\"image\":{\"@id\":\"https:\/\/centrosabia.org.br\/en\/#\/schema\/logo\/image\/\"}}]}<\/script>\n<!-- \/ Yoast SEO plugin. -->","yoast_head_json":{"title":"Fairs - Centro de Desenvolvimento Agroecol\u00f3gico Sabi\u00e1","robots":{"index":"index","follow":"follow","max-snippet":"max-snippet:-1","max-image-preview":"max-image-preview:large","max-video-preview":"max-video-preview:-1"},"canonical":"https:\/\/centrosabia.org.br\/en\/fairs\/","og_locale":"en_US","og_type":"article","og_title":"Fairs - Centro de Desenvolvimento Agroecol\u00f3gico Sabi\u00e1","og_url":"https:\/\/centrosabia.org.br\/en\/fairs\/","og_site_name":"Centro de Desenvolvimento Agroecol\u00f3gico Sabi\u00e1","article_modified_time":"2023-03-02T21:03:23+00:00","twitter_card":"summary_large_image","schema":{"@context":"https:\/\/schema.org","@graph":[{"@type":"WebPage","@id":"https:\/\/centrosabia.org.br\/en\/fairs\/","url":"https:\/\/centrosabia.org.br\/en\/fairs\/","name":"Fairs - Centro de Desenvolvimento Agroecol\u00f3gico Sabi\u00e1","isPartOf":{"@id":"https:\/\/centrosabia.org.br\/en\/#website"},"datePublished":"2021-10-18T18:00:56+00:00","dateModified":"2023-03-02T21:03:23+00:00","breadcrumb":{"@id":"https:\/\/centrosabia.org.br\/en\/fairs\/#breadcrumb"},"inLanguage":"en-US","potentialAction":[{"@type":"ReadAction","target":["https:\/\/centrosabia.org.br\/en\/fairs\/"]}]},{"@type":"BreadcrumbList","@id":"https:\/\/centrosabia.org.br\/en\/fairs\/#breadcrumb","itemListElement":[{"@type":"ListItem","position":1,"name":"In\u00edcio","item":"https:\/\/centrosabia.org.br\/en\/"},{"@type":"ListItem","position":2,"name":"Fairs"}]},{"@type":"WebSite","@id":"https:\/\/centrosabia.org.br\/en\/#website","url":"https:\/\/centrosabia.org.br\/en\/","name":"Centro de Desenvolvimento Agroecol\u00f3gico Sabi\u00e1","description":"","publisher":{"@id":"https:\/\/centrosabia.org.br\/en\/#organization"},"potentialAction":[{"@type":"SearchAction","target":{"@type":"EntryPoint","urlTemplate":"https:\/\/centrosabia.org.br\/en\/?s={search_term_string}"},"query-input":{"@type":"PropertyValueSpecification","valueRequired":true,"valueName":"search_term_string"}}],"inLanguage":"en-US"},{"@type":"Organization","@id":"https:\/\/centrosabia.org.br\/en\/#organization","name":"Centro de Desenvolvimento Agroecol\u00f3gico Sabi\u00e1","url":"https:\/\/centrosabia.org.br\/en\/","logo":{"@type":"ImageObject","inLanguage":"en-US","@id":"https:\/\/centrosabia.org.br\/en\/#\/schema\/logo\/image\/","url":"https:\/\/centrosabia.org.br\/wp-content\/uploads\/2021\/10\/logo.png","contentUrl":"https:\/\/centrosabia.org.br\/wp-content\/uploads\/2021\/10\/logo.png","width":174,"height":84,"caption":"Centro de Desenvolvimento Agroecol\u00f3gico Sabi\u00e1"},"image":{"@id":"https:\/\/centrosabia.org.br\/en\/#\/schema\/logo\/image\/"}}]}},"_links":{"self":[{"href":"https:\/\/centrosabia.org.br\/en\/wp-json\/wp\/v2\/pages\/7505","targetHints":{"allow":["GET"]}}],"collection":[{"href":"https:\/\/centrosabia.org.br\/en\/wp-json\/wp\/v2\/pages"}],"about":[{"href":"https:\/\/centrosabia.org.br\/en\/wp-json\/wp\/v2\/types\/page"}],"author":[{"embeddable":true,"href":"https:\/\/centrosabia.org.br\/en\/wp-json\/wp\/v2\/users\/1"}],"replies":[{"embeddable":true,"href":"https:\/\/centrosabia.org.br\/en\/wp-json\/wp\/v2\/comments?post=7505"}],"version-history":[{"count":4,"href":"https:\/\/centrosabia.org.br\/en\/wp-json\/wp\/v2\/pages\/7505\/revisions"}],"predecessor-version":[{"id":11257,"href":"https:\/\/centrosabia.org.br\/en\/wp-json\/wp\/v2\/pages\/7505\/revisions\/11257"}],"wp:attachment":[{"href":"https:\/\/centrosabia.org.br\/en\/wp-json\/wp\/v2\/media?parent=7505"}],"curies":[{"name":"wp","href":"https:\/\/api.w.org\/{rel}","templated":true}]}}