{"id":7630,"date":"2021-10-18T14:41:49","date_gmt":"2021-10-18T17:41:49","guid":{"rendered":"https:\/\/centrosabia.org.br\/politica-de-privacidad\/"},"modified":"2025-02-14T15:24:59","modified_gmt":"2025-02-14T18:24:59","slug":"politica-de-privacidad","status":"publish","type":"page","link":"https:\/\/centrosabia.org.br\/es\/politica-de-privacidad\/","title":{"rendered":"Pol\u00edtica de privacidad"},"content":{"rendered":"\n<p>En el Centro de <em>Desarrollo Agroecol\u00f3gico Sabi\u00e1<\/em> la privacidad y la seguridad son prioridades y estamos comprometidos con el manejo transparente de los datos personales de nuestros usuarios\/clientes. Por tanto, esta Pol\u00edtica de Privacidad establece c\u00f3mo se lleva a cabo la recopilaci\u00f3n, uso y transferencia de informaci\u00f3n de los clientes u otras personas que acceden o utilizan nuestro sitio web.<\/p>\n\n<p>Al utilizar nuestros servicios, usted comprende que recopilaremos y utilizaremos su informaci\u00f3n personal en las formas descritas en esta Pol\u00edtica, bajo las normas de Protecci\u00f3n de Datos (LGPD, Ley Federal 13.709\/2018), las disposiciones de consumo de la Ley Federal 8078\/1990 y otras normas del ordenamiento jur\u00eddico brasile\u00f1o aplicable.<\/p>\n\n<p>As\u00ed, el en adelante denominado simplemente Centro de Desarrollo Agroecol\u00f3gico Sabi\u00e1, registrado en el CNPJ\/MF con el n\u00ba <em>41.228.651\/0001-10<\/em> , en calidad de Responsable del Tratamiento, est\u00e1 sujeto a lo dispuesto en la presente Pol\u00edtica de Privacidad.<\/p>\n\n<h2 class=\"wp-block-heading\"><strong>1. \u00bfQu\u00e9 datos recopilamos sobre usted y con qu\u00e9 finalidad?<\/strong><\/h2>\n\n<p>Nuestro sitio web recopila y utiliza algunos de sus datos personales para permitir la prestaci\u00f3n de servicios y mejorar la experiencia del usuario.<\/p>\n\n<h3 class=\"wp-block-heading\"><strong>1.1. Datos personales proporcionados por el titular<\/strong><\/h3>\n\n<p>\u25cf <em>Nombre: formulario de contacto y correo directo<\/em><\/p>\n\n<p>\u25cf <em>Correo electr\u00f3nico: formulario de contacto y correo directo<\/em><\/p>\n\n<p>\u25cf <em>M\u00f3vil: formulario de contacto y correo directo<\/em><\/p>\n\n<p>\u25cf <em>Ocupaci\u00f3n &#8211; formulario de contacto<\/em><\/p>\n\n<p>\u25cf <em>Ciudad\/Estado &#8211; formulario de contacto<\/em><\/p>\n\n<h3 class=\"wp-block-heading\"><strong>1.2. Datos personales recogidos autom\u00e1ticamente<\/strong><\/h3>\n\n<p>\u25cf <em>Cookies de navegaci\u00f3n: acceso de navegaci\u00f3n.<\/em><\/p>\n\n<p>\u25cf <em>Geolocalizaci\u00f3n &#8211; Google Analytics<\/em><\/p>\n\n<h2 class=\"wp-block-heading\"><strong>2. \u00bfC\u00f3mo recopilamos sus datos?<\/strong><\/h2>\n\n<p>En este sentido, la recogida de sus datos personales se realiza de la siguiente manera:<\/p>\n\n<p>\u25cf <em>Llenado de formularios de clientes<\/em><\/p>\n\n<p>\u25cf <em>Navegaci\u00f3n de datos a trav\u00e9s del software del navegador<\/em><\/p>\n\n<h3 class=\"wp-block-heading\"><strong>2.1. Consentir<\/strong><\/h3>\n\n<p>Es a partir de su consentimiento que procesamos sus datos personales. El consentimiento es la expresi\u00f3n libre, informada e inequ\u00edvoca por la que autorizas al Centro de Desarrollo Agroecol\u00f3gico Sabi\u00e1 a tratar tus datos.<\/p>\n\n<p>As\u00ed, de acuerdo con la Ley General de Protecci\u00f3n de Datos, sus datos s\u00f3lo ser\u00e1n recabados, tratados y almacenados con su previo y expreso consentimiento.<\/p>\n\n<p>Su consentimiento se obtendr\u00e1 espec\u00edficamente para cada una de las finalidades descritas anteriormente, evidenciando el compromiso de transparencia y buena fe del <em>Centro de Desarrollo Agroecol\u00f3gico Sabi\u00e1<\/em> hacia sus usuarios\/clientes, siguiendo la normativa legislativa pertinente.<\/p>\n\n<p>Al utilizar los servicios <em>del Centro de Desarrollo Agroecol\u00f3gico Sabi\u00e1<\/em> y proporcionar sus datos personales, usted es consciente y consiente en lo dispuesto en la presente Pol\u00edtica de Privacidad, adem\u00e1s de conocer sus derechos y c\u00f3mo ejercerlos.<\/p>\n\n<p>En cualquier momento y sin coste alguno, podr\u00e1 retirar su consentimiento.<\/p>\n\n<p>Es importante se\u00f1alar que la revocaci\u00f3n del consentimiento para el tratamiento de datos puede implicar la imposibilidad de desempe\u00f1o adecuado de alguna funcionalidad del sitio web que depende del funcionamiento. Tales consecuencias ser\u00e1n informadas con antelaci\u00f3n.<\/p>\n\n<h2 class=\"wp-block-heading\"><strong>3. \u00bfCu\u00e1les son sus derechos?<\/strong><\/h2>\n\n<p>El <em>Centro de Desarrollo Agroecol\u00f3gico Sabi\u00e1<\/em> asegura a sus usuarios\/clientes los derechos de titular previstos en el art\u00edculo 18 de la Ley General de Protecci\u00f3n de Datos. De esta forma, podr\u00e1s, de forma gratuita y en cualquier momento:<\/p>\n\n<p>\u25cf <strong>Confirmar la existencia de tratamiento de datos<\/strong> , de forma simplificada o en un formato claro y completo.<\/p>\n\n<p>\u25cf <strong>Acceder a sus datos<\/strong> , pudiendo solicitarlos en copia legible en forma impresa o por medios electr\u00f3nicos, seguros y adecuados.<\/p>\n\n<p>\u25cf <strong>Corregir sus datos<\/strong> , cuando solicite su edici\u00f3n, correcci\u00f3n o actualizaci\u00f3n.<\/p>\n\n<p>\u25cf <strong>Limitar sus datos<\/strong> cuando sean innecesarios, excesivos o tratados violando la legislaci\u00f3n mediante anonimizaci\u00f3n, bloqueo o eliminaci\u00f3n.<\/p>\n\n<p>\u25cf <strong>Suprimir sus datos<\/strong> tratados de su consentimiento, salvo en los supuestos legalmente previstos.<\/p>\n\n<p>\u25cf <strong>Revocar su consentimiento<\/strong> , no permitiendo el tratamiento de sus datos.<\/p>\n\n<p>\u25cf <strong>Inf\u00f3rmese sobre la posibilidad de no prestar su consentimiento<\/strong> y las consecuencias de no prestar su consentimiento.<\/p>\n\n<h2 class=\"wp-block-heading\"><strong>4. \u00bfC\u00f3mo puede ejercer sus derechos de propiedad?<\/strong><\/h2>\n\n<p>Para ejercer sus derechos de titular, debe comunicarse con el <em>Centro de Desenvolvimento Agroecol\u00f3gico Sabi\u00e1<\/em> a trav\u00e9s de los siguientes medios disponibles:<\/p>\n\n<p>\u25cf <em>Tel\u00e9fono\/Fax: 3223.7026 \/ 3223.3323<\/em><\/p>\n\n<p>\u25cf Formulario: <a href=\"https:\/\/www.centrosabia.org.br\/contato\"><em>https:\/\/www.centrosabia.org.br\/contato<\/em><\/a><\/p>\n\n<p>\u25cf <em>Correo electr\u00f3nico: sabe@centrosabia.org.br<\/em><\/p>\n\n<p>Con el fin de asegurar su correcta identificaci\u00f3n como titular de los datos personales objeto de la solicitud, podremos solicitarle documentos u otras pruebas que puedan acreditar su identidad. En este caso, se le informar\u00e1 con antelaci\u00f3n.<\/p>\n\n<h2 class=\"wp-block-heading\"><strong>5. \u00bfC\u00f3mo y durante cu\u00e1nto tiempo se almacenar\u00e1n sus datos?<\/strong><\/h2>\n\n<p>Sus datos personales recabados por <em>el Centro de Desarrollo Agroecol\u00f3gico Sabi\u00e1<\/em> ser\u00e1n utilizados y almacenados durante el tiempo necesario para la prestaci\u00f3n del servicio o para lograr las finalidades enumeradas en esta Pol\u00edtica de Privacidad, considerando los derechos de los titulares y responsables del tratamiento.<\/p>\n\n<p>Con car\u00e1cter general, sus datos se conservar\u00e1n mientras dure la relaci\u00f3n contractual entre usted y el Centro <em>de Desenvolvimento Agroecol\u00f3gico Sabi\u00e1<\/em> . Al finalizar el plazo de conservaci\u00f3n de los datos personales, \u00e9stos ser\u00e1n eliminados de nuestras bases de datos o anonimizados, salvo en los casos legalmente previstos en el art\u00edculo 16 de la ley general de protecci\u00f3n de datos, a saber:<\/p>\n\n<p>I \u2013 cumplimiento de una obligaci\u00f3n legal o reglamentaria por parte del controlador;<\/p>\n\n<p>II \u2013 estudio por \u00f3rgano de investigaci\u00f3n, garantizando, siempre que sea posible, la anonimizaci\u00f3n de los datos personales;<\/p>\n\n<p>III &#8211; transferencia a tercero, siempre que se cumplan los requisitos de tratamiento de datos previstos en esta Ley; o<\/p>\n\n<p>IV &#8211; uso exclusivo del responsable del tratamiento, quedando prohibido su acceso a un tercero, y siempre que los datos sean anonimizados.<\/p>\n\n<p>Es decir, se conservar\u00e1n los datos personales sobre usted que sean imprescindibles para el cumplimiento de determinaciones legales, judiciales y administrativas y\/o para el ejercicio del derecho de defensa en procedimientos judiciales y administrativos, sin perjuicio de la exclusi\u00f3n de otros datos.<\/p>\n\n<p>El almacenamiento de los datos recopilados por el <em>Centro de Desenvolvimento Agroecol\u00f3gico Sabi\u00e1<\/em> refleja nuestro compromiso con la seguridad y privacidad de sus datos. Empleamos medidas y soluciones t\u00e9cnicas de protecci\u00f3n capaces de garantizar la confidencialidad, integridad e inviolabilidad de sus datos. Adem\u00e1s, tambi\u00e9n contamos con medidas de seguridad adecuadas al riesgo y control de acceso a la informaci\u00f3n almacenada.<\/p>\n\n<h2 class=\"wp-block-heading\"><strong>6. \u00bfQu\u00e9 hacemos para mantener sus datos seguros?<\/strong><\/h2>\n\n<p>Para mantener segura su informaci\u00f3n personal, utilizamos herramientas f\u00edsicas, electr\u00f3nicas y de gesti\u00f3n destinadas a proteger su privacidad.<\/p>\n\n<p>Aplicamos estas herramientas teniendo en cuenta la naturaleza de los datos personales recabados, el contexto y finalidad del tratamiento y los riesgos que generan posibles vulneraciones para los derechos y libertades del interesado recabados y tratados.<\/p>\n\n<p>Entre las medidas que hemos adoptado, destacamos las siguientes:<\/p>\n\n<p>\u25cf Solo las personas autorizadas tienen acceso a sus datos personales<\/p>\n\n<p>\u25cf El acceso a sus datos personales se realiza \u00fanicamente previo compromiso de confidencialidad<\/p>\n\n<p>\u25cf Sus datos personales se almacenan en un entorno seguro y adecuado.<\/p>\n\n<p>El Centro de <em>Desarrollo Agroecol\u00f3gico Sabi\u00e1<\/em> se compromete a adoptar las mejores posturas para evitar incidentes de seguridad. Sin embargo, es necesario se\u00f1alar que ninguna p\u00e1gina virtual es totalmente segura y libre de riesgos. Es posible que, a pesar de todos nuestros protocolos de seguridad, se produzcan problemas causados exclusivamente por terceros, como ciberataques de <em>piratas inform\u00e1ticos<\/em> , o tambi\u00e9n como consecuencia de la negligencia o imprudencia del propio usuario\/cliente.<\/p>\n\n<p>En caso de incidentes de seguridad que puedan generar un riesgo o da\u00f1o relevante para usted o cualquiera de nuestros usuarios\/clientes, comunicaremos a los afectados y a la Autoridad Nacional de Protecci\u00f3n de Datos sobre lo sucedido, de conformidad con lo dispuesto en la Ley General de Protecci\u00f3n de Datos. .Datos.<\/p>\n\n<h2 class=\"wp-block-heading\"><strong>7. \u00bfCon qui\u00e9n se pueden compartir sus datos?<\/strong><\/h2>\n\n<p>Para preservar su privacidad, el Centro <em>de Desenvolvimento Agroecol\u00f3gico Sabi\u00e1<\/em> no compartir\u00e1 sus datos personales con terceros no autorizados.<\/p>\n\n<h2 class=\"wp-block-heading\"><strong>8. Cookies o datos de navegaci\u00f3n<\/strong><\/h2>\n\n<p>El Centro de <em>Desarrollo Agroecol\u00f3gico Sabi\u00e1<\/em> hace uso de Cookies, que son archivos de texto enviados por la plataforma a su computadora y almacenados all\u00ed, que contienen informaci\u00f3n relacionada con la navegaci\u00f3n del sitio web. En definitiva, las Cookies se utilizan para mejorar la experiencia del usuario.<\/p>\n\n<p>Al acceder a nuestro sitio web y dar su consentimiento para el uso de Cookies, declara que conoce y acepta el uso de un sistema de recopilaci\u00f3n de datos de navegaci\u00f3n con el uso de Cookies en su dispositivo.<\/p>\n\n<p><em>El Centro de Desarrollo Agroecol\u00f3gico Sabi\u00e1 utiliza las siguientes Cookies:<\/em> <strong><em>Cookies de Sesi\u00f3n y Cookies Persistentes.<\/em><\/strong><\/p>\n\n<p>Puede, en cualquier momento y sin costo alguno, cambiar los permisos, bloquear o rechazar las Cookies. Sin embargo, la revocaci\u00f3n del consentimiento para determinadas Cookies puede imposibilitar el correcto funcionamiento de algunas funcionalidades de la plataforma.<\/p>\n\n<p>Para gestionar las cookies de su navegador, simplemente h\u00e1galo directamente en la configuraci\u00f3n del navegador, en el \u00e1rea de Gesti\u00f3n de cookies. Puede acceder a tutoriales sobre el tema directamente desde los siguientes enlaces:<\/p>\n\n<p>Si utiliza <a href=\"https:\/\/support.microsoft.com\/pt-br\/help\/17442\/windows-internet-explorer-delete-manage-cookies\">Internet Explorer<\/a> .<\/p>\n\n<p>Si usa <a href=\"https:\/\/support.mozilla.org\/pt-BR\/kb\/gerencie-configuracoes-de-armazenamento-local-de-s\">Firefox<\/a> .<\/p>\n\n<p>Si usa <a href=\"https:\/\/support.apple.com\/pt-br\/guide\/safari\/sfri11471\/mac\">Safari<\/a> .<\/p>\n\n<p>Si usas <a href=\"https:\/\/support.google.com\/chrome\/answer\/95647?co=GENIE.Platform%3DDesktop&amp;oco=1&amp;hl=pt-BR\">Google Chrome<\/a> .<\/p>\n\n<p>Si usas <a href=\"https:\/\/support.microsoft.com\/pt-br\/help\/4027947\/microsoft-edge-delete-cookies\">Microsoft Edge<\/a> .<\/p>\n\n<p>Si usas <a href=\"https:\/\/help.opera.com\/en\/latest\/web-preferences\/#cookies\">\u00d3pera<\/a> .<\/p>\n\n<p>Puede encontrar m\u00e1s informaci\u00f3n sobre las Cookies que utilizamos y su funcionamiento en nuestra Pol\u00edtica de Cookies, disponible en este enlace <em>(enlace a la Pol\u00edtica de Cookies)<\/em> .<\/p>\n\n<h2 class=\"wp-block-heading\"><strong>9. Modificaci\u00f3n de esta Pol\u00edtica de Privacidad<\/strong><\/h2>\n\n<p>La versi\u00f3n actual de la Pol\u00edtica de Privacidad fue formulada y actualizada por \u00faltima vez el: <em>22\/12\/2020<\/em> .<\/p>\n\n<p>Nos reservamos el derecho de modificar esta Pol\u00edtica de Privacidad en cualquier momento, principalmente en funci\u00f3n de la adecuaci\u00f3n de los cambios realizados en nuestro sitio web o en el \u00e1mbito legislativo. Le recomendamos que lo revise con frecuencia.<\/p>\n\n<p>Cualquier cambio entrar\u00e1 en vigencia a partir de su publicaci\u00f3n en nuestro sitio web y siempre le notificaremos los cambios.<\/p>\n\n<p>Al utilizar nuestros servicios y proporcionar sus datos personales despu\u00e9s de dichas modificaciones, usted las acepta.<\/p>\n\n<h2 class=\"wp-block-heading\"><strong>10. Responsabilidad<\/strong><\/h2>\n\n<p>El Centro de <em>Desarrollo Agroecol\u00f3gico Sabi\u00e1<\/em> prev\u00e9 la responsabilidad de los agentes que intervienen en los procesos de tratamiento de datos, de conformidad con los art\u00edculos 42 a 45 de la Ley General de Protecci\u00f3n de Datos.<\/p>\n\n<p>Nos comprometemos a mantener actualizada la presente Pol\u00edtica de Privacidad, observando sus disposiciones y velando por su cumplimiento.<\/p>\n\n<p>Adem\u00e1s, tambi\u00e9n nos comprometemos a buscar las condiciones t\u00e9cnicas y organizativas que sean capaces de proteger de forma segura todo el proceso de procesamiento de datos.<\/p>\n\n<p>Si la Autoridad Nacional de Protecci\u00f3n de Datos requiere la adopci\u00f3n de medidas en relaci\u00f3n con el tratamiento de datos realizado por <em>Centro de Desenvolvimento Agroecol\u00f3gico Sabi\u00e1,<\/em> nos comprometemos a seguirlas.<\/p>\n\n<h3 class=\"wp-block-heading\"><strong>10.1 Descargo de responsabilidad<\/strong><\/h3>\n\n<p>Como se mencion\u00f3 en el Tema 6, si bien adoptamos altos est\u00e1ndares de seguridad para evitar incidentes, no existe una p\u00e1gina virtual que est\u00e9 completamente libre de riesgos. En este sentido, el <em>Centro de Desarrollo Agroecol\u00f3gico Sabi\u00e1<\/em> no se hace responsable de:<\/p>\n\n<p>I \u2013 Las consecuencias derivadas de la negligencia, imprudencia o mala pr\u00e1ctica de los usuarios en relaci\u00f3n con sus datos personales. Garantizamos y solo somos responsables de la seguridad de los procesos de procesamiento de datos y el cumplimiento de los fines descritos en este instrumento.<\/p>\n\n<p>Hacemos hincapi\u00e9 en que la responsabilidad sobre la confidencialidad de los datos de acceso es del usuario.<\/p>\n\n<p>II \u2013 Acciones maliciosas de terceros, tales como ataques de <em>piratas inform\u00e1ticos<\/em> , salvo que se demuestre culpabilidad o conducta deliberada por <em>parte del Centro de Desarrollo Agroecol\u00f3gico Sabi\u00e1.<\/em><\/p>\n\n<p>Hacemos hincapi\u00e9 en que en caso de incidentes de seguridad que puedan generar un riesgo o da\u00f1o importante para usted o cualquiera de nuestros usuarios\/clientes, comunicaremos a los afectados y a la Autoridad Nacional de Protecci\u00f3n de Datos sobre lo sucedido y cumpliremos con las medidas necesarias.<\/p>\n\n<p>III &#8211; Inexactitud de la informaci\u00f3n ingresada por el usuario\/cliente en los registros necesarios para la utilizaci\u00f3n de los servicios del <em>Centro de Desarrollo Agroecol\u00f3gico Sabi\u00e1<\/em> ; las consecuencias derivadas de datos falsos o introducidos de mala fe son de la exclusiva responsabilidad del usuario\/cliente.<\/p>\n","protected":false},"excerpt":{"rendered":"","protected":false},"author":1,"featured_media":0,"parent":0,"menu_order":0,"comment_status":"closed","ping_status":"open","template":"","meta":{"_acf_changed":false,"ano":0,"footnotes":""},"class_list":["post-7630","page","type-page","status-publish","hentry"],"blocksy_meta":{"styles_descriptor":{"styles":{"desktop":"","tablet":"","mobile":""},"google_fonts":[],"version":6}},"acf":[],"yoast_head":"<!-- This site is optimized with the Yoast SEO plugin v27.2 - https:\/\/yoast.com\/product\/yoast-seo-wordpress\/ -->\n<title>Pol\u00edtica de privacidad - Centro de Desenvolvimento Agroecol\u00f3gico Sabi\u00e1<\/title>\n<meta name=\"robots\" content=\"index, follow, max-snippet:-1, max-image-preview:large, max-video-preview:-1\" \/>\n<link rel=\"canonical\" href=\"https:\/\/centrosabia.org.br\/es\/politica-de-privacidad\/\" \/>\n<meta property=\"og:locale\" content=\"es_ES\" \/>\n<meta property=\"og:type\" content=\"article\" \/>\n<meta property=\"og:title\" content=\"Pol\u00edtica de privacidad - Centro de Desenvolvimento Agroecol\u00f3gico Sabi\u00e1\" \/>\n<meta property=\"og:url\" content=\"https:\/\/centrosabia.org.br\/es\/politica-de-privacidad\/\" \/>\n<meta property=\"og:site_name\" content=\"Centro de Desenvolvimento Agroecol\u00f3gico Sabi\u00e1\" \/>\n<meta property=\"article:modified_time\" content=\"2025-02-14T18:24:59+00:00\" \/>\n<meta name=\"twitter:card\" content=\"summary_large_image\" \/>\n<meta name=\"twitter:label1\" content=\"Tiempo de lectura\" \/>\n\t<meta name=\"twitter:data1\" content=\"10 minutos\" \/>\n<script type=\"application\/ld+json\" class=\"yoast-schema-graph\">{\"@context\":\"https:\/\/schema.org\",\"@graph\":[{\"@type\":\"WebPage\",\"@id\":\"https:\/\/centrosabia.org.br\/es\/politica-de-privacidad\/\",\"url\":\"https:\/\/centrosabia.org.br\/es\/politica-de-privacidad\/\",\"name\":\"Pol\u00edtica de privacidad - Centro de Desenvolvimento Agroecol\u00f3gico Sabi\u00e1\",\"isPartOf\":{\"@id\":\"https:\/\/centrosabia.org.br\/es\/#website\"},\"datePublished\":\"2021-10-18T17:41:49+00:00\",\"dateModified\":\"2025-02-14T18:24:59+00:00\",\"breadcrumb\":{\"@id\":\"https:\/\/centrosabia.org.br\/es\/politica-de-privacidad\/#breadcrumb\"},\"inLanguage\":\"es\",\"potentialAction\":[{\"@type\":\"ReadAction\",\"target\":[\"https:\/\/centrosabia.org.br\/es\/politica-de-privacidad\/\"]}]},{\"@type\":\"BreadcrumbList\",\"@id\":\"https:\/\/centrosabia.org.br\/es\/politica-de-privacidad\/#breadcrumb\",\"itemListElement\":[{\"@type\":\"ListItem\",\"position\":1,\"name\":\"In\u00edcio\",\"item\":\"https:\/\/centrosabia.org.br\/es\/\"},{\"@type\":\"ListItem\",\"position\":2,\"name\":\"Pol\u00edtica de privacidad\"}]},{\"@type\":\"WebSite\",\"@id\":\"https:\/\/centrosabia.org.br\/es\/#website\",\"url\":\"https:\/\/centrosabia.org.br\/es\/\",\"name\":\"Centro de Desenvolvimento Agroecol\u00f3gico Sabi\u00e1\",\"description\":\"\",\"publisher\":{\"@id\":\"https:\/\/centrosabia.org.br\/es\/#organization\"},\"potentialAction\":[{\"@type\":\"SearchAction\",\"target\":{\"@type\":\"EntryPoint\",\"urlTemplate\":\"https:\/\/centrosabia.org.br\/es\/?s={search_term_string}\"},\"query-input\":{\"@type\":\"PropertyValueSpecification\",\"valueRequired\":true,\"valueName\":\"search_term_string\"}}],\"inLanguage\":\"es\"},{\"@type\":\"Organization\",\"@id\":\"https:\/\/centrosabia.org.br\/es\/#organization\",\"name\":\"Centro de Desenvolvimento Agroecol\u00f3gico Sabi\u00e1\",\"url\":\"https:\/\/centrosabia.org.br\/es\/\",\"logo\":{\"@type\":\"ImageObject\",\"inLanguage\":\"es\",\"@id\":\"https:\/\/centrosabia.org.br\/es\/#\/schema\/logo\/image\/\",\"url\":\"https:\/\/centrosabia.org.br\/wp-content\/uploads\/2021\/10\/logo.png\",\"contentUrl\":\"https:\/\/centrosabia.org.br\/wp-content\/uploads\/2021\/10\/logo.png\",\"width\":174,\"height\":84,\"caption\":\"Centro de Desenvolvimento Agroecol\u00f3gico Sabi\u00e1\"},\"image\":{\"@id\":\"https:\/\/centrosabia.org.br\/es\/#\/schema\/logo\/image\/\"}}]}<\/script>\n<!-- \/ Yoast SEO plugin. -->","yoast_head_json":{"title":"Pol\u00edtica de privacidad - Centro de Desenvolvimento Agroecol\u00f3gico Sabi\u00e1","robots":{"index":"index","follow":"follow","max-snippet":"max-snippet:-1","max-image-preview":"max-image-preview:large","max-video-preview":"max-video-preview:-1"},"canonical":"https:\/\/centrosabia.org.br\/es\/politica-de-privacidad\/","og_locale":"es_ES","og_type":"article","og_title":"Pol\u00edtica de privacidad - Centro de Desenvolvimento Agroecol\u00f3gico Sabi\u00e1","og_url":"https:\/\/centrosabia.org.br\/es\/politica-de-privacidad\/","og_site_name":"Centro de Desenvolvimento Agroecol\u00f3gico Sabi\u00e1","article_modified_time":"2025-02-14T18:24:59+00:00","twitter_card":"summary_large_image","twitter_misc":{"Tiempo de lectura":"10 minutos"},"schema":{"@context":"https:\/\/schema.org","@graph":[{"@type":"WebPage","@id":"https:\/\/centrosabia.org.br\/es\/politica-de-privacidad\/","url":"https:\/\/centrosabia.org.br\/es\/politica-de-privacidad\/","name":"Pol\u00edtica de privacidad - Centro de Desenvolvimento Agroecol\u00f3gico Sabi\u00e1","isPartOf":{"@id":"https:\/\/centrosabia.org.br\/es\/#website"},"datePublished":"2021-10-18T17:41:49+00:00","dateModified":"2025-02-14T18:24:59+00:00","breadcrumb":{"@id":"https:\/\/centrosabia.org.br\/es\/politica-de-privacidad\/#breadcrumb"},"inLanguage":"es","potentialAction":[{"@type":"ReadAction","target":["https:\/\/centrosabia.org.br\/es\/politica-de-privacidad\/"]}]},{"@type":"BreadcrumbList","@id":"https:\/\/centrosabia.org.br\/es\/politica-de-privacidad\/#breadcrumb","itemListElement":[{"@type":"ListItem","position":1,"name":"In\u00edcio","item":"https:\/\/centrosabia.org.br\/es\/"},{"@type":"ListItem","position":2,"name":"Pol\u00edtica de privacidad"}]},{"@type":"WebSite","@id":"https:\/\/centrosabia.org.br\/es\/#website","url":"https:\/\/centrosabia.org.br\/es\/","name":"Centro de Desenvolvimento Agroecol\u00f3gico Sabi\u00e1","description":"","publisher":{"@id":"https:\/\/centrosabia.org.br\/es\/#organization"},"potentialAction":[{"@type":"SearchAction","target":{"@type":"EntryPoint","urlTemplate":"https:\/\/centrosabia.org.br\/es\/?s={search_term_string}"},"query-input":{"@type":"PropertyValueSpecification","valueRequired":true,"valueName":"search_term_string"}}],"inLanguage":"es"},{"@type":"Organization","@id":"https:\/\/centrosabia.org.br\/es\/#organization","name":"Centro de Desenvolvimento Agroecol\u00f3gico Sabi\u00e1","url":"https:\/\/centrosabia.org.br\/es\/","logo":{"@type":"ImageObject","inLanguage":"es","@id":"https:\/\/centrosabia.org.br\/es\/#\/schema\/logo\/image\/","url":"https:\/\/centrosabia.org.br\/wp-content\/uploads\/2021\/10\/logo.png","contentUrl":"https:\/\/centrosabia.org.br\/wp-content\/uploads\/2021\/10\/logo.png","width":174,"height":84,"caption":"Centro de Desenvolvimento Agroecol\u00f3gico Sabi\u00e1"},"image":{"@id":"https:\/\/centrosabia.org.br\/es\/#\/schema\/logo\/image\/"}}]}},"_links":{"self":[{"href":"https:\/\/centrosabia.org.br\/es\/wp-json\/wp\/v2\/pages\/7630","targetHints":{"allow":["GET"]}}],"collection":[{"href":"https:\/\/centrosabia.org.br\/es\/wp-json\/wp\/v2\/pages"}],"about":[{"href":"https:\/\/centrosabia.org.br\/es\/wp-json\/wp\/v2\/types\/page"}],"author":[{"embeddable":true,"href":"https:\/\/centrosabia.org.br\/es\/wp-json\/wp\/v2\/users\/1"}],"replies":[{"embeddable":true,"href":"https:\/\/centrosabia.org.br\/es\/wp-json\/wp\/v2\/comments?post=7630"}],"version-history":[{"count":3,"href":"https:\/\/centrosabia.org.br\/es\/wp-json\/wp\/v2\/pages\/7630\/revisions"}],"predecessor-version":[{"id":27757,"href":"https:\/\/centrosabia.org.br\/es\/wp-json\/wp\/v2\/pages\/7630\/revisions\/27757"}],"wp:attachment":[{"href":"https:\/\/centrosabia.org.br\/es\/wp-json\/wp\/v2\/media?parent=7630"}],"curies":[{"name":"wp","href":"https:\/\/api.w.org\/{rel}","templated":true}]}}